{"id":93,"date":"2025-10-27T10:17:59","date_gmt":"2025-10-27T10:17:59","guid":{"rendered":"https:\/\/energiewirtschaftsdienst.de\/?page_id=93"},"modified":"2025-11-10T06:59:06","modified_gmt":"2025-11-10T06:59:06","slug":"kurzprofil","status":"publish","type":"page","link":"https:\/\/energiewirtschaftsdienst.de\/?page_id=93","title":{"rendered":"Kurzprofil"},"content":{"rendered":"\n<figure class=\"wp-block-table\"><table class=\"has-fixed-layout\"><tbody><tr><td><\/td><td><img loading=\"lazy\" decoding=\"async\" width=\"150\" height=\"139\" class=\"wp-image-123\" style=\"width: 150px;\" src=\"http:\/\/energiewirtschaftsdienst.de\/wp-content\/uploads\/2025\/11\/Gerd2.png\" alt=\"\" srcset=\"https:\/\/energiewirtschaftsdienst.de\/wp-content\/uploads\/2025\/11\/Gerd2.png 854w, https:\/\/energiewirtschaftsdienst.de\/wp-content\/uploads\/2025\/11\/Gerd2-300x279.png 300w, https:\/\/energiewirtschaftsdienst.de\/wp-content\/uploads\/2025\/11\/Gerd2-768x713.png 768w\" sizes=\"auto, (max-width: 150px) 100vw, 150px\" \/><\/td><\/tr><\/tbody><\/table><figcaption class=\"wp-element-caption\"><h1>Gerhard Fleige<br>Dipl.-Ing. Dipl.-Wirt-Ing. Gastprofessor<\/h1><\/figcaption><\/figure>\n\n\n\n<figure class=\"wp-block-table\"><table class=\"has-fixed-layout\"><tbody><tr><td><strong>Kurzprofil<\/strong><\/td><td>10 Jahre Berufserfahrung als IT-Dozent und -Lehrer<\/td><\/tr><tr><td><\/td><td>Vorlesungen und Workshops in Informatik und Industrie 4.0; Betreuer und Pr\u00fcfer f\u00fcr Bachelorarbeiten; Gastprofessor (China)<\/td><\/tr><tr><td><\/td><td>Buchautor f\u00fcr Lerntechnik, Informatik und Energiewende<\/td><\/tr><tr><td><strong>Berufserfahrung<\/strong><\/td><td><\/td><\/tr><tr><td>seit 2019<\/td><td>Gastprofessor<\/td><\/tr><tr><td>seit 2018<\/td><td>Lehrer f\u00fcr Informatik<\/td><\/tr><tr><td>seit 2014<\/td><td>Dozent f\u00fcr Informatik<\/td><\/tr><tr><td>2010 &#8211; 2016<\/td><td>Buchautor f\u00fcr Lerntechnik, Informatik und Energiewende<\/td><\/tr><tr><td>2008 &#8211; 2014<\/td><td>Energiewirtschaftsdienst<\/td><\/tr><tr><td>1987 &#8211; 2003<\/td><td>Informatiker in Banken und Mittelst\u00e4ndischen Unternehmen, Entwerfer mit Informatik in Architekturb\u00fcros, Statiker mit Informatik in Bauingenieurb\u00fcros<\/td><\/tr><tr><td><strong>Ausbildung<\/strong><\/td><td><\/td><\/tr><tr><td>2003 &#8211; 2008<\/td><td>Diplom-Wirtschaftsingenieur, FernUniversit\u00e4t in Hagen<\/td><\/tr><tr><td>1997 \u2013 1997<\/td><td>Weiterbildung Netzwerke, Datenbanken und EDV-Kommunikation<\/td><\/tr><tr><td>1987 &#8211; 1987<\/td><td>Weiterbildung CAD-Konstrukteur Maschinenbau<\/td><\/tr><tr><td>1978 &#8211; 1986<\/td><td>Diplom-Bauingenieur, Universit\u00e4t Hannover<\/td><\/tr><\/tbody><\/table><\/figure>\n\n\n\n<hr class=\"wp-block-separator has-alpha-channel-opacity\"\/>\n","protected":false},"excerpt":{"rendered":"<p>Gerhard FleigeDipl.-Ing. Dipl.-Wirt-Ing. Gastprofessor Kurzprofil 10 Jahre Berufserfahrung als IT-Dozent und -Lehrer Vorlesungen und Workshops in Informatik und Industrie 4.0; Betreuer und Pr\u00fcfer f\u00fcr Bachelorarbeiten; Gastprofessor (China) Buchautor f\u00fcr Lerntechnik, Informatik und Energiewende Berufserfahrung seit 2019 Gastprofessor seit 2018 Lehrer f\u00fcr Informatik seit 2014 Dozent f\u00fcr Informatik 2010 &#8211; 2016 Buchautor f\u00fcr Lerntechnik, Informatik und &hellip; <a href=\"https:\/\/energiewirtschaftsdienst.de\/?page_id=93\" class=\"more-link\"><span class=\"screen-reader-text\">Kurzprofil<\/span> weiterlesen <span class=\"meta-nav\">&rarr;<\/span><\/a><\/p>\n","protected":false},"author":1,"featured_media":0,"parent":0,"menu_order":0,"comment_status":"closed","ping_status":"closed","template":"","meta":{"footnotes":""},"class_list":["post-93","page","type-page","status-publish","hentry"],"_links":{"self":[{"href":"https:\/\/energiewirtschaftsdienst.de\/index.php?rest_route=\/wp\/v2\/pages\/93","targetHints":{"allow":["GET"]}}],"collection":[{"href":"https:\/\/energiewirtschaftsdienst.de\/index.php?rest_route=\/wp\/v2\/pages"}],"about":[{"href":"https:\/\/energiewirtschaftsdienst.de\/index.php?rest_route=\/wp\/v2\/types\/page"}],"author":[{"embeddable":true,"href":"https:\/\/energiewirtschaftsdienst.de\/index.php?rest_route=\/wp\/v2\/users\/1"}],"replies":[{"embeddable":true,"href":"https:\/\/energiewirtschaftsdienst.de\/index.php?rest_route=%2Fwp%2Fv2%2Fcomments&post=93"}],"version-history":[{"count":14,"href":"https:\/\/energiewirtschaftsdienst.de\/index.php?rest_route=\/wp\/v2\/pages\/93\/revisions"}],"predecessor-version":[{"id":129,"href":"https:\/\/energiewirtschaftsdienst.de\/index.php?rest_route=\/wp\/v2\/pages\/93\/revisions\/129"}],"wp:attachment":[{"href":"https:\/\/energiewirtschaftsdienst.de\/index.php?rest_route=%2Fwp%2Fv2%2Fmedia&parent=93"}],"curies":[{"name":"wp","href":"https:\/\/api.w.org\/{rel}","templated":true}]}}