{"id":144,"date":"2025-12-03T14:33:15","date_gmt":"2025-12-03T14:33:15","guid":{"rendered":"https:\/\/energiewirtschaftsdienst.de\/?page_id=144"},"modified":"2025-12-03T14:33:15","modified_gmt":"2025-12-03T14:33:15","slug":"vorteilhaftigkeit","status":"publish","type":"page","link":"https:\/\/energiewirtschaftsdienst.de\/?page_id=144","title":{"rendered":"Vorteilhaftigkeit"},"content":{"rendered":"\n<p>Perfekte Klausurvorbereitung<\/p>\n\n\n\n<ul class=\"wp-block-list\">\n<li>Viele haben schon die B\u00fccher \u00fcber die Energiewende gelesen. Sie werden dann auf der Suche nach einem ebenso genialen \u00dcbungsbuch f\u00fcr die \u201eLerntechnik\u201c sein. Die Suche hat ein Ende. \u201eLerntechnik\u201c gibt ausf\u00fchrliche und gut verst\u00e4ndliche Beschreibungen. Die vielen Themen sind didaktisch gut aufeinander abgestimmt. So erschlie\u00dft sich der Lehrstoff wie von selbst. Dieses Buch ist ein Muss f\u00fcr jeden Studenten, um sich perfekt auf eine Klausur vorzubereiten.<\/li>\n\n\n\n<li>Top Hilfe im Studium der erneuerbaren Energien. Dieses Buch gibt den Schub f\u00fcr die Vorbereitung auf das Fachwissen. Eigentlich schade, dass es solche B\u00fccher nicht f\u00fcr alle Bereiche erneuerbaren Energien gibt. Die Themen sind durchweg gut aufbereitet und erkl\u00e4rt. Die kurz und knapp gestalteten Abbildungen sind eine wertvolle Hilfe. F\u00fcr Studenten eine gute M\u00f6glichkeit zum Lernen.<\/li>\n\n\n\n<li>Mit Hilfe des Buches sind einige gleich fast am Ende ihrer Klausurvorbereitung angelangt. Sehr hilfreich. Man kommt gut voran. Auch empfehlenswert ist das \u00dcbungsbuch f\u00fcr das Lernthema \u201eLerntechnik\u201c. F\u00fcr Studenten eine gute M\u00f6glichkeit das Lernen zu verk\u00fcrzen.<\/li>\n<\/ul>\n","protected":false},"excerpt":{"rendered":"<p>Perfekte Klausurvorbereitung<\/p>\n","protected":false},"author":1,"featured_media":0,"parent":0,"menu_order":0,"comment_status":"closed","ping_status":"closed","template":"","meta":{"footnotes":""},"class_list":["post-144","page","type-page","status-publish","hentry"],"_links":{"self":[{"href":"https:\/\/energiewirtschaftsdienst.de\/index.php?rest_route=\/wp\/v2\/pages\/144","targetHints":{"allow":["GET"]}}],"collection":[{"href":"https:\/\/energiewirtschaftsdienst.de\/index.php?rest_route=\/wp\/v2\/pages"}],"about":[{"href":"https:\/\/energiewirtschaftsdienst.de\/index.php?rest_route=\/wp\/v2\/types\/page"}],"author":[{"embeddable":true,"href":"https:\/\/energiewirtschaftsdienst.de\/index.php?rest_route=\/wp\/v2\/users\/1"}],"replies":[{"embeddable":true,"href":"https:\/\/energiewirtschaftsdienst.de\/index.php?rest_route=%2Fwp%2Fv2%2Fcomments&post=144"}],"version-history":[{"count":1,"href":"https:\/\/energiewirtschaftsdienst.de\/index.php?rest_route=\/wp\/v2\/pages\/144\/revisions"}],"predecessor-version":[{"id":146,"href":"https:\/\/energiewirtschaftsdienst.de\/index.php?rest_route=\/wp\/v2\/pages\/144\/revisions\/146"}],"wp:attachment":[{"href":"https:\/\/energiewirtschaftsdienst.de\/index.php?rest_route=%2Fwp%2Fv2%2Fmedia&parent=144"}],"curies":[{"name":"wp","href":"https:\/\/api.w.org\/{rel}","templated":true}]}}